{"id":52,"date":"2025-01-27T21:56:28","date_gmt":"2025-01-27T21:56:28","guid":{"rendered":"https:\/\/gustgourmet.com\/?page_id=52"},"modified":"2025-02-03T19:04:57","modified_gmt":"2025-02-03T19:04:57","slug":"povestea-mea-cu-retete-autentice-de-casa","status":"publish","type":"page","link":"https:\/\/gustgourmet.com\/ro\/my-story-with-authentic-homemade-recipes\/","title":{"rendered":"Povestea mea cu re\u021bete autentice de cas\u0103"},"content":{"rendered":"<blockquote class=\"wp-block-quote is-layout-flow wp-block-quote-is-layout-flow\">\n<blockquote class=\"wp-block-quote is-layout-flow wp-block-quote-is-layout-flow\">\n<blockquote class=\"wp-block-quote is-layout-flow wp-block-quote-is-layout-flow\">\n<blockquote class=\"wp-block-quote is-layout-flow wp-block-quote-is-layout-flow\">\n<div class=\"wp-block-media-text is-stacked-on-mobile is-vertically-aligned-center\"><figure class=\"wp-block-media-text__media\"><img loading=\"lazy\" decoding=\"async\" width=\"1024\" height=\"1024\" src=\"https:\/\/gustgourmet.com\/wp-content\/uploads\/2025\/01\/About-image-1-1024x1024.png\" alt=\"\" class=\"wp-image-121 size-full\" srcset=\"https:\/\/gustgourmet.com\/wp-content\/uploads\/2025\/01\/About-image-1-1024x1024.png 1024w, https:\/\/gustgourmet.com\/wp-content\/uploads\/2025\/01\/About-image-1-300x300.png 300w, https:\/\/gustgourmet.com\/wp-content\/uploads\/2025\/01\/About-image-1-150x150.png 150w, https:\/\/gustgourmet.com\/wp-content\/uploads\/2025\/01\/About-image-1-768x768.png 768w, https:\/\/gustgourmet.com\/wp-content\/uploads\/2025\/01\/About-image-1-12x12.png 12w, https:\/\/gustgourmet.com\/wp-content\/uploads\/2025\/01\/About-image-1-500x500.png 500w, https:\/\/gustgourmet.com\/wp-content\/uploads\/2025\/01\/About-image-1.png 1080w\" sizes=\"auto, (max-width: 1024px) 100vw, 1024px\" \/><\/figure><div class=\"wp-block-media-text__content\">\n<p>La Gust Gourmet, s\u0103rb\u0103toresc bucuria m\u00e2nc\u0103rii care une\u0219te culturi, tradi\u021bii \u0219i gusturi. Inspirat\u0103 de mo\u0219tenirea bogat\u0103 a Rom\u00e2niei \u0219i de energia modern\u0103 a Angliei, acest blog este o scrisoare de dragoste c\u0103tre aromele \u0219i pove\u0219tile care conecteaz\u0103 aceste dou\u0103 lumi.<\/p>\n\n\n\n<p>Crescut\u0103 \u00een inima Rom\u00e2niei, \u00eenconjurat\u0103 de c\u0103ldura re\u021betelor de familie transmise din genera\u021bie \u00een genera\u021bie, am \u00eenv\u0103\u021bat c\u0103 m\u00e2ncarea este mai mult dec\u00e2t hran\u0103\u2014este tradi\u021bie, istorie \u0219i iubire pe o farfurie. C\u00e2nd m-am mutat \u00een Anglia, am descoperit un peisaj culinar divers, captivant \u0219i plin de inspira\u021bie. Combinarea acestor dou\u0103 influen\u021be a devenit pasiunea mea: \u00eembinarea aromelor autentice \u0219i consistente ale buc\u0103t\u0103riei rom\u00e2ne\u0219ti cu tehnicile rafinate \u0219i diversitatea multicultural\u0103 a buc\u0103t\u0103riei engleze\u0219ti.<\/p>\n\n\n\n<p>Gust Gourmet s-a n\u0103scut pentru a ar\u0103ta aceast\u0103 c\u0103l\u0103torie - un spa\u021biu \u00een care m\u00e2ncarea devine limbajul universal al conexiunii, \u00eemp\u0103rt\u0103\u0219ind povestea mea cu re\u021bete de cas\u0103 autentice.<\/p>\n<\/div><\/div>\n<\/blockquote>\n<\/blockquote>\n<\/blockquote>\n<\/blockquote>\n\n\n\n<h2 class=\"wp-block-heading\"><strong>Cum a \u00eenceput c\u0103l\u0103toria mea alimentar\u0103<\/strong><\/h2>\n\n\n\n<div class=\"wp-block-group\"><div class=\"wp-block-group__inner-container is-layout-constrained wp-block-group-is-layout-constrained\">\n<p>M\u00e2ncarea a fost mereu o parte esen\u021bial\u0103 din via\u021ba familiei mele. Unele dintre cele mai frumoase amintiri sunt legate de dup\u0103-amiezile de s\u00e2mb\u0103t\u0103 \u00een care f\u0103ceam cl\u0103tite cu mama sau \u00eencercam o re\u021bet\u0103 nou\u0103 dintr-o revist\u0103 de gastronomie. Dar adev\u0103rata mea dragoste pentru g\u0103tit a \u00eenceput datorit\u0103 bunicilor mei\u2014fiecare dintre ele av\u00e2nd un rol important \u00een formarea mea culinar\u0103.<\/p>\n\n\n\n<p>Una dintre bunicile mele m-a \u00eenv\u0103\u021bat arta prepar\u0103rii aluatului, cum s\u0103 \u00eel fr\u0103m\u00e2nt p\u00e2n\u0103 la perfec\u021biune \u0219i cum s\u0103 creez o varietate nesf\u00e2r\u0219it\u0103 de produse de panifica\u021bie. Ea aprindea cuptorul cu lemne, cocea p\u00e2ine \u0219i pl\u0103cinte tradi\u021bionale (numite \"palane\u021b\") pe frunze de varz\u0103, umpl\u00e2nd casa cu cele mai incredibile arome. Cealalt\u0103 bunic\u0103 a mea mi-a insuflat semnifica\u021bia g\u0103titului con\u0219tient (cu mult \u00eenainte s\u0103 existe <a href=\"https:\/\/www.worldofbooks.com\/en-gb\/products\/mindfulness-cookbook-book-patrizia-collard-9780600631699?sku=GOR006807996&amp;gad_source=1&amp;gclid=CjwKCAiA74G9BhAEEiwA8kNfpVo5onFkzv1XFrNdFHsq0uFxxmKbU-lUhbzvywb3jhWBthB8qMmhkhoC3FIQAvD_BwE\">c\u0103r\u021bi<\/a> despre asta) \u0219i m\u00e2ncarea de la ferm\u0103 la mas\u0103 - de la plantarea \u0219i \u00eengrijirea legumelor, la recoltarea lor la momentul potrivit \u0219i, \u00een cele din urm\u0103, transformarea lor \u00een conserve, compoturi \u0219i gemuri de cas\u0103. \u0218tia cum s\u0103 fac\u0103 o mas\u0103 delicioas\u0103 din tot ceea ce avea p\u0103m\u00e2ntul de oferit \u0219i mi-a transmis aceste cuno\u0219tin\u021be.<\/p>\n\n\n\n<p>Apoi a venit restaurantul. C\u00e2nd p\u0103rin\u021bii mei \u0219i-au deschis propriul local, am crescut practic \u00een acea buc\u0103t\u0103rie. Nu doar priveam - eram acolo, preg\u0103team pizza, g\u0103team pentru peste 100 de persoane la evenimente \u0219i experimentam cu propriile mele crea\u021bii, inspirat\u0103 de mediul plin de via\u021b\u0103 \u0219i de posibilit\u0103\u021bile infinite de combina\u021bii de arome. G\u0103titul a devenit mai mult dec\u00e2t o abilitate sau o necesitate; a devenit sacru pentru mine. Este evadarea mea creativ\u0103, modul meu de a m\u0103 relaxa \u0219i felul meu de a face ceva cu adev\u0103rat special din doar c\u00e2teva ingrediente, de a-mi \u00eemp\u0103rt\u0103\u0219i povestea cu re\u021bete de cas\u0103 autentice.<\/p>\n<\/div><\/div>\n\n\n\n<hr class=\"wp-block-separator has-alpha-channel-opacity\"\/>\n\n\n\n<h2 class=\"wp-block-heading\"><strong>Abordarea mea fa\u021b\u0103 de g\u0103tit<\/strong><\/h2>\n\n\n\n<p>Pentru mine, g\u0103titul este un echilibru \u00eentre creativitate, tradi\u021bie \u0219i practicitate. Uneori m\u0103 aventurez \u00een re\u021bete complicate, le adaptez \u0219i le personalizez dup\u0103 stilul meu, ajust\u00e2nd ingredientele \u0219i tehnicile \u00een func\u021bie de timpul \u0219i resursele disponibile. Alteori, m\u0103 \u00eentorc la preparatele copil\u0103riei, recre\u00e2nd gusturi familiare care \u00eemi aduc aminte de cas\u0103. \u0218i, de multe ori, pur \u0219i simplu improvizez cu ce am \u00een frigider, l\u0103s\u00e2ndu-mi imagina\u021bia s\u0103 creeze ceva nou \u0219i delicios.<\/p>\n\n\n\n<p>Dac\u0103 un preparat nu iese cum mi-am dorit? \u00cenv\u0103\u021b din gre\u0219eli, ajustez re\u021beta \u0219i \u00eencerc din nou. \u0218i din nou. P\u00e2n\u0103 c\u00e2nd rezultatul nu este doar bun, ci mai bun dec\u00e2t mi-a\u0219 fi imaginat. Pentru mine, g\u0103titul este un proces continuu de \u00eenv\u0103\u021bare, redescoperire \u0219i bucurie \u00een fiecare mic succes culinar.<\/p>\n\n\n\n<h4 class=\"wp-block-heading\"><strong>Ce \u00eenseamn\u0103 Gust Gourmet<\/strong><\/h4>\n\n\n\n<div class=\"wp-block-columns is-layout-flex wp-container-core-columns-is-layout-9d6595d7 wp-block-columns-is-layout-flex\">\n<div class=\"wp-block-column is-layout-flow wp-block-column-is-layout-flow\">\n<figure class=\"wp-block-image size-large\"><img loading=\"lazy\" decoding=\"async\" width=\"1024\" height=\"1024\" src=\"https:\/\/gustgourmet.com\/wp-content\/uploads\/2025\/01\/2-3-1024x1024.png\" alt=\"Patrimoniul \u00eent\u00e2lne\u0219te modernitatea - re\u021bete autentice de cas\u0103\" class=\"wp-image-118\" srcset=\"https:\/\/gustgourmet.com\/wp-content\/uploads\/2025\/01\/2-3-1024x1024.png 1024w, https:\/\/gustgourmet.com\/wp-content\/uploads\/2025\/01\/2-3-300x300.png 300w, https:\/\/gustgourmet.com\/wp-content\/uploads\/2025\/01\/2-3-150x150.png 150w, https:\/\/gustgourmet.com\/wp-content\/uploads\/2025\/01\/2-3-768x768.png 768w, https:\/\/gustgourmet.com\/wp-content\/uploads\/2025\/01\/2-3-12x12.png 12w, https:\/\/gustgourmet.com\/wp-content\/uploads\/2025\/01\/2-3-500x500.png 500w, https:\/\/gustgourmet.com\/wp-content\/uploads\/2025\/01\/2-3.png 1080w\" sizes=\"auto, (max-width: 1024px) 100vw, 1024px\" \/><\/figure>\n\n\n\n<h5 class=\"wp-block-heading\"><strong>Mo\u0219tenire \u0219i Modernitate:<\/strong><\/h5>\n\n\n\n<p>Ideea c\u0103 tradi\u021bia \u0219i inova\u021bia se pot armoniza este inima blogului. Fiecare re\u021bet\u0103 spune o poveste de fuziune, de la o tocan\u0103 rustic\u0103 rom\u00e2neasc\u0103 cu o \u00eentors\u0103tur\u0103 contemporan\u0103 la un desert clasic englezesc.<\/p>\n<\/div>\n\n\n\n<div class=\"wp-block-column is-layout-flow wp-block-column-is-layout-flow\">\n<figure class=\"wp-block-image size-large\"><img loading=\"lazy\" decoding=\"async\" width=\"1024\" height=\"1024\" src=\"https:\/\/gustgourmet.com\/wp-content\/uploads\/2025\/01\/3-4-1024x1024.png\" alt=\"Simplitate \u0219i elegan\u021b\u0103 - re\u021bete autentice de cas\u0103\" class=\"wp-image-119\" srcset=\"https:\/\/gustgourmet.com\/wp-content\/uploads\/2025\/01\/3-4-1024x1024.png 1024w, https:\/\/gustgourmet.com\/wp-content\/uploads\/2025\/01\/3-4-300x300.png 300w, https:\/\/gustgourmet.com\/wp-content\/uploads\/2025\/01\/3-4-150x150.png 150w, https:\/\/gustgourmet.com\/wp-content\/uploads\/2025\/01\/3-4-768x768.png 768w, https:\/\/gustgourmet.com\/wp-content\/uploads\/2025\/01\/3-4-12x12.png 12w, https:\/\/gustgourmet.com\/wp-content\/uploads\/2025\/01\/3-4-500x500.png 500w, https:\/\/gustgourmet.com\/wp-content\/uploads\/2025\/01\/3-4.png 1080w\" sizes=\"auto, (max-width: 1024px) 100vw, 1024px\" \/><\/figure>\n\n\n\n<h5 class=\"wp-block-heading\"><strong>Simplitate \u0219i Elegan\u021b\u0103<\/strong><\/h5>\n\n\n\n<p>Chiar \u0219i cele mai elaborate preparate ar trebui s\u0103 fie accesibile, u\u0219or de urmat \u0219i frumos prezentate. Fiecare farfurie este conceput\u0103 pentru a aduce bucurie at\u00e2t buc\u0103tarului, c\u00e2t \u0219i celui care o savureaz\u0103.<\/p>\n<\/div>\n\n\n\n<div class=\"wp-block-column is-layout-flow wp-block-column-is-layout-flow\">\n<figure class=\"wp-block-image size-large\"><img loading=\"lazy\" decoding=\"async\" width=\"1080\" height=\"1080\" src=\"https:\/\/gustgourmet.com\/wp-content\/uploads\/2025\/01\/4-1024x1024.png\" alt=\"Comunitate prin m\u00e2ncare - re\u021bete autentice de cas\u0103\" class=\"wp-image-120\" srcset=\"https:\/\/gustgourmet.com\/wp-content\/uploads\/2025\/01\/4-1024x1024.png 1024w, https:\/\/gustgourmet.com\/wp-content\/uploads\/2025\/01\/4-300x300.png 300w, https:\/\/gustgourmet.com\/wp-content\/uploads\/2025\/01\/4-150x150.png 150w, https:\/\/gustgourmet.com\/wp-content\/uploads\/2025\/01\/4-768x768.png 768w, https:\/\/gustgourmet.com\/wp-content\/uploads\/2025\/01\/4-12x12.png 12w, https:\/\/gustgourmet.com\/wp-content\/uploads\/2025\/01\/4-500x500.png 500w, https:\/\/gustgourmet.com\/wp-content\/uploads\/2025\/01\/4.png 1080w\" sizes=\"auto, (max-width: 1080px) 100vw, 1080px\" \/><\/figure>\n\n\n\n<h5 class=\"wp-block-heading\"><strong>Comunitate prin M\u00e2ncare<\/strong><\/h5>\n\n\n\n<p>M\u00e2ncarea \u00eenseamn\u0103 \u00eemp\u0103rt\u0103\u0219ire\u2014re\u021bete, experien\u021be \u0219i amintiri. Gust Gourmet este un spa\u021biu pentru pasiona\u021bii de g\u0103tit care apreciaz\u0103 pove\u0219tile din spatele fiec\u0103rui preparat.<\/p>\n<\/div>\n<\/div>\n\n\n\n<figure class=\"wp-block-pullquote\"><blockquote><p><strong>De ce se nume\u0219te \u201eGust Gourmet\u201d?<\/strong><\/p><cite>\u00cen limba rom\u00e2n\u0103, gust \u00eenseamn\u0103 \u201earom\u0103\u201d sau \u201esavoare.\u201d Este un omagiu adus r\u0103d\u0103cinilor mele \u0219i ideii c\u0103 savoarea este esen\u021ba fiec\u0103rei re\u021bete. Cuv\u00e2ntul gourmet reflect\u0103 stilul elevat, dar accesibil al blogului, unde fiecare preparat este o celebrare a gustului \u0219i a artei culinare.<\/cite><\/blockquote><\/figure>\n\n\n\n<h4 class=\"wp-block-heading\"><strong>Misiunea Mea<\/strong><\/h4>\n\n\n\n<p>S\u0103 inspir \u0219i s\u0103 \u00eencurajez buc\u0103tarii de acas\u0103 s\u0103 \u00eembr\u0103\u021bi\u0219eze frumuse\u021bea g\u0103titului multicultural. Prin re\u021bete, fotografie \u0219i pove\u0219ti, Gust Gourmet \u00ee\u0219i propune s\u0103:<\/p>\n\n\n\n<ul class=\"wp-block-list\">\n<li>P\u0103streze tradi\u021biile rom\u00e2ne\u0219ti vii pentru noile genera\u021bii.<\/li>\n\n\n\n<li>Introduc\u0103 arome autentice unui public mai larg.<\/li>\n\n\n\n<li>\u00cencurajeze experimentarea prin \u00eembinarea culturilor pe farfurie.<\/li>\n<\/ul>\n\n\n\n<hr class=\"wp-block-separator has-alpha-channel-opacity\"\/>\n\n\n\n<h4 class=\"wp-block-heading\"><strong>Viziunea Gust Gourmet<\/strong><\/h4>\n\n\n\n<p>La Gust Gourmet, \u00eemi imaginez o lume \u00een care m\u00e2ncarea aduce oamenii \u00eempreun\u0103, st\u00e2rne\u0219te curiozitatea \u0219i creeaz\u0103 amintiri de durat\u0103. \u00cemp\u0103rt\u0103\u0219ind aromele trecutului meu \u0219i descoperirile prezentului meu, sper s\u0103 \u00eei inspir pe al\u021bii s\u0103 exploreze, s\u0103 creeze \u0219i s\u0103 savureze fiecare \u00eembuc\u0103tur\u0103. Aici, ve\u021bi g\u0103si toate tipurile de re\u021bete, de la <a href=\"https:\/\/gustgourmet.com\/ro\/deserturi-bakes\/\">Pr\u0103jituri \u0219i copturi<\/a>, pentru <a href=\"https:\/\/gustgourmet.com\/ro\/clasice-savuroase\/\">Re\u021bete Savuroase cu un Twist <\/a>\u0219i <a href=\"https:\/\/gustgourmet.com\/ro\/capse-de-casa-%f0%9f%8f%a1\/\">De Cas\u0103, Mai Bun Dec\u00e2t din Magazin<\/a>. <\/p>\n\n\n\n<hr class=\"wp-block-separator has-alpha-channel-opacity\"\/>\n\n\n\n<h4 class=\"wp-block-heading\"><strong>\u00cen concluzie<\/strong><\/h4>\n\n\n\n<p>Pentru mine, g\u0103titul nu este doar despre preparate, ci despre tradi\u021bie, amintiri \u0219i creativitate. Prin Gust Gourmet, vreau s\u0103 \u00eemp\u0103rt\u0103\u0219esc aceast\u0103 pasiune cu tine\u2014fie c\u0103 \u00ee\u021bi dore\u0219ti s\u0103 descoperi re\u021bete autentice reinterpretate, s\u0103 \u00eencerci preparate noi sau s\u0103 g\u0103se\u0219ti confort \u00eentr-un gust familiar. Sper ca re\u021betele mele s\u0103 te inspire s\u0103 g\u0103te\u0219ti, s\u0103 experimentezi \u0219i s\u0103 te bucuri de fiecare moment petrecut \u00een buc\u0103t\u0103rie.<\/p>\n\n\n\n<h4 class=\"wp-block-heading\">\ud83d\udc49 <strong>Vrei s\u0103 \u00eencepi s\u0103 g\u0103te\u0219ti? <\/strong><\/h4>\n\n\n\n<div class=\"wp-block-buttons is-layout-flex wp-block-buttons-is-layout-flex\">\n<div class=\"wp-block-button\"><a class=\"wp-block-button__link wp-element-button\" href=\"https:\/\/gustgourmet.com\/ro\/index-de-retete\/\"><strong>R\u0103sfoie\u0219te re\u021betele mele<\/strong><\/a><\/div>\n<\/div>","protected":false},"excerpt":{"rendered":"<p>How My Food Journey Started Food has always been at the heart of my family\u2019s life. Some of my earliest and fondest memories are of Saturday afternoons spent making pancakes with my mum or trying out a new dish from the &#8220;Recipe of the Week&#8221; newsletter section. But my true love for cooking started with&hellip;&nbsp;<a href=\"https:\/\/gustgourmet.com\/ro\/my-story-with-authentic-homemade-recipes\/\" rel=\"bookmark\">Cite\u0219te mai mult \"<span class=\"screen-reader-text\">Povestea mea cu re\u021bete autentice de cas\u0103<\/span><\/a><\/p>","protected":false},"author":1,"featured_media":121,"parent":0,"menu_order":0,"comment_status":"closed","ping_status":"closed","template":"","meta":{"wprm-recipe-roundup-name":"","wprm-recipe-roundup-description":"","neve_meta_sidebar":"","neve_meta_container":"","neve_meta_enable_content_width":"","neve_meta_content_width":0,"neve_meta_title_alignment":"","neve_meta_author_avatar":"","neve_post_elements_order":"","neve_meta_disable_header":"off","neve_meta_disable_footer":"","neve_meta_disable_title":"","footnotes":""},"class_list":["post-52","page","type-page","status-publish","has-post-thumbnail","hentry"],"yoast_head":"<!-- This site is optimized with the Yoast SEO plugin v27.4 - https:\/\/yoast.com\/product\/yoast-seo-wordpress\/ -->\n<title>My Story with Authentic Homemade Recipes - Gust Gourmet<\/title>\n<meta name=\"description\" content=\"Join me as I share my story with authentic homemade recipes, blending Romanian tradition with modern flavours. Discover my passion for cooking and creativity!\" \/>\n<meta name=\"robots\" content=\"index, follow, max-snippet:-1, max-image-preview:large, max-video-preview:-1\" \/>\n<link rel=\"canonical\" href=\"https:\/\/gustgourmet.com\/ro\/povestea-mea\/\" \/>\n<meta property=\"og:locale\" content=\"ro_RO\" \/>\n<meta property=\"og:type\" content=\"article\" \/>\n<meta property=\"og:title\" content=\"My Story with Authentic Homemade Recipes - Gust Gourmet\" \/>\n<meta property=\"og:description\" content=\"Join me as I share my story with authentic homemade recipes, blending Romanian tradition with modern flavours. Discover my passion for cooking and creativity!\" \/>\n<meta property=\"og:url\" content=\"https:\/\/gustgourmet.com\/ro\/povestea-mea\/\" \/>\n<meta property=\"og:site_name\" content=\"Gust Gourmet\" \/>\n<meta property=\"article:publisher\" content=\"https:\/\/www.facebook.com\/GustGourmetRecipes\" \/>\n<meta property=\"article:modified_time\" content=\"2025-02-03T19:04:57+00:00\" \/>\n<meta property=\"og:image\" content=\"https:\/\/gustgourmet.com\/wp-content\/uploads\/2025\/01\/About-image-1-1024x1024.png\" \/>\n\t<meta property=\"og:image:width\" content=\"1024\" \/>\n\t<meta property=\"og:image:height\" content=\"1024\" \/>\n\t<meta property=\"og:image:type\" content=\"image\/png\" \/>\n<meta name=\"twitter:card\" content=\"summary_large_image\" \/>\n<meta name=\"twitter:label1\" content=\"Timp estimat pentru citire\" \/>\n\t<meta name=\"twitter:data1\" content=\"4 minute\" \/>\n<script type=\"application\/ld+json\" class=\"yoast-schema-graph\">{\"@context\":\"https:\\\/\\\/schema.org\",\"@graph\":[{\"@type\":\"WebPage\",\"@id\":\"https:\\\/\\\/gustgourmet.com\\\/my-story-with-authentic-homemade-recipes\\\/\",\"url\":\"https:\\\/\\\/gustgourmet.com\\\/my-story\\\/\",\"name\":\"My Story with Authentic Homemade Recipes - Gust Gourmet\",\"isPartOf\":{\"@id\":\"https:\\\/\\\/gustgourmet.com\\\/ro\\\/#website\"},\"primaryImageOfPage\":{\"@id\":\"https:\\\/\\\/gustgourmet.com\\\/my-story\\\/#primaryimage\"},\"image\":{\"@id\":\"https:\\\/\\\/gustgourmet.com\\\/my-story\\\/#primaryimage\"},\"thumbnailUrl\":\"https:\\\/\\\/gustgourmet.com\\\/wp-content\\\/uploads\\\/2025\\\/01\\\/About-image-1.png\",\"datePublished\":\"2025-01-27T21:56:28+00:00\",\"dateModified\":\"2025-02-03T19:04:57+00:00\",\"description\":\"Join me as I share my story with authentic homemade recipes, blending Romanian tradition with modern flavours. Discover my passion for cooking and creativity!\",\"breadcrumb\":{\"@id\":\"https:\\\/\\\/gustgourmet.com\\\/my-story\\\/#breadcrumb\"},\"inLanguage\":\"ro-RO\",\"potentialAction\":[{\"@type\":\"ReadAction\",\"target\":[\"https:\\\/\\\/gustgourmet.com\\\/my-story\\\/\"]}]},{\"@type\":\"ImageObject\",\"inLanguage\":\"ro-RO\",\"@id\":\"https:\\\/\\\/gustgourmet.com\\\/my-story\\\/#primaryimage\",\"url\":\"https:\\\/\\\/gustgourmet.com\\\/wp-content\\\/uploads\\\/2025\\\/01\\\/About-image-1.png\",\"contentUrl\":\"https:\\\/\\\/gustgourmet.com\\\/wp-content\\\/uploads\\\/2025\\\/01\\\/About-image-1.png\",\"width\":1080,\"height\":1080},{\"@type\":\"BreadcrumbList\",\"@id\":\"https:\\\/\\\/gustgourmet.com\\\/my-story\\\/#breadcrumb\",\"itemListElement\":[{\"@type\":\"ListItem\",\"position\":1,\"name\":\"Home\",\"item\":\"https:\\\/\\\/gustgourmet.com\\\/\"},{\"@type\":\"ListItem\",\"position\":2,\"name\":\"gustgourmet.com\\\/my-story\\\/\"}]},{\"@type\":\"WebSite\",\"@id\":\"https:\\\/\\\/gustgourmet.com\\\/ro\\\/#website\",\"url\":\"https:\\\/\\\/gustgourmet.com\\\/ro\\\/\",\"name\":\"Gust Gourmet\",\"description\":\"Authentic Recipes with a Twist\",\"publisher\":{\"@id\":\"https:\\\/\\\/gustgourmet.com\\\/ro\\\/#\\\/schema\\\/person\\\/0c3bd2ff24c73d1ce823804c9f5ec830\"},\"potentialAction\":[{\"@type\":\"SearchAction\",\"target\":{\"@type\":\"EntryPoint\",\"urlTemplate\":\"https:\\\/\\\/gustgourmet.com\\\/ro\\\/?s={search_term_string}\"},\"query-input\":{\"@type\":\"PropertyValueSpecification\",\"valueRequired\":true,\"valueName\":\"search_term_string\"}}],\"inLanguage\":\"ro-RO\"},{\"@type\":[\"Person\",\"Organization\"],\"@id\":\"https:\\\/\\\/gustgourmet.com\\\/ro\\\/#\\\/schema\\\/person\\\/0c3bd2ff24c73d1ce823804c9f5ec830\",\"name\":\"Gust Gourmet\",\"image\":{\"@type\":\"ImageObject\",\"inLanguage\":\"ro-RO\",\"@id\":\"http:\\\/\\\/gustgourmet.com\\\/wp-content\\\/uploads\\\/2025\\\/01\\\/cropped-cropped-logo-Gust-Gourmet-2025.png\",\"url\":\"http:\\\/\\\/gustgourmet.com\\\/wp-content\\\/uploads\\\/2025\\\/01\\\/cropped-cropped-logo-Gust-Gourmet-2025.png\",\"contentUrl\":\"http:\\\/\\\/gustgourmet.com\\\/wp-content\\\/uploads\\\/2025\\\/01\\\/cropped-cropped-logo-Gust-Gourmet-2025.png\",\"width\":200,\"height\":126,\"caption\":\"Gust Gourmet\"},\"logo\":{\"@id\":\"http:\\\/\\\/gustgourmet.com\\\/wp-content\\\/uploads\\\/2025\\\/01\\\/cropped-cropped-logo-Gust-Gourmet-2025.png\"},\"sameAs\":[\"http:\\\/\\\/gustgourmet.com\",\"https:\\\/\\\/www.facebook.com\\\/GustGourmetRecipes\"]}]}<\/script>\n<!-- \/ Yoast SEO plugin. -->","yoast_head_json":{"title":"Povestea mea cu re\u021bete autentice de cas\u0103 - Gust Gourmet","description":"Vino al\u0103turi de mine s\u0103-mi \u00eemp\u0103rt\u0103\u0219esc povestea cu re\u021bete de cas\u0103 autentice, \u00eembin\u00e2nd tradi\u021bia rom\u00e2neasc\u0103 cu arome moderne. Descoperi\u021bi pasiunea mea pentru g\u0103tit \u0219i creativitate!","robots":{"index":"index","follow":"follow","max-snippet":"max-snippet:-1","max-image-preview":"max-image-preview:large","max-video-preview":"max-video-preview:-1"},"canonical":"https:\/\/gustgourmet.com\/ro\/povestea-mea\/","og_locale":"ro_RO","og_type":"article","og_title":"My Story with Authentic Homemade Recipes - Gust Gourmet","og_description":"Join me as I share my story with authentic homemade recipes, blending Romanian tradition with modern flavours. Discover my passion for cooking and creativity!","og_url":"https:\/\/gustgourmet.com\/ro\/povestea-mea\/","og_site_name":"Gust Gourmet","article_publisher":"https:\/\/www.facebook.com\/GustGourmetRecipes","article_modified_time":"2025-02-03T19:04:57+00:00","og_image":[{"width":1024,"height":1024,"url":"https:\/\/gustgourmet.com\/wp-content\/uploads\/2025\/01\/About-image-1-1024x1024.png","type":"image\/png"}],"twitter_card":"summary_large_image","twitter_misc":{"Timp estimat pentru citire":"4 minute"},"schema":{"@context":"https:\/\/schema.org","@graph":[{"@type":"WebPage","@id":"https:\/\/gustgourmet.com\/my-story-with-authentic-homemade-recipes\/","url":"https:\/\/gustgourmet.com\/my-story\/","name":"Povestea mea cu re\u021bete autentice de cas\u0103 - Gust Gourmet","isPartOf":{"@id":"https:\/\/gustgourmet.com\/ro\/#website"},"primaryImageOfPage":{"@id":"https:\/\/gustgourmet.com\/my-story\/#primaryimage"},"image":{"@id":"https:\/\/gustgourmet.com\/my-story\/#primaryimage"},"thumbnailUrl":"https:\/\/gustgourmet.com\/wp-content\/uploads\/2025\/01\/About-image-1.png","datePublished":"2025-01-27T21:56:28+00:00","dateModified":"2025-02-03T19:04:57+00:00","description":"Vino al\u0103turi de mine s\u0103-mi \u00eemp\u0103rt\u0103\u0219esc povestea cu re\u021bete de cas\u0103 autentice, \u00eembin\u00e2nd tradi\u021bia rom\u00e2neasc\u0103 cu arome moderne. Descoperi\u021bi pasiunea mea pentru g\u0103tit \u0219i creativitate!","breadcrumb":{"@id":"https:\/\/gustgourmet.com\/my-story\/#breadcrumb"},"inLanguage":"ro-RO","potentialAction":[{"@type":"ReadAction","target":["https:\/\/gustgourmet.com\/my-story\/"]}]},{"@type":"ImageObject","inLanguage":"ro-RO","@id":"https:\/\/gustgourmet.com\/my-story\/#primaryimage","url":"https:\/\/gustgourmet.com\/wp-content\/uploads\/2025\/01\/About-image-1.png","contentUrl":"https:\/\/gustgourmet.com\/wp-content\/uploads\/2025\/01\/About-image-1.png","width":1080,"height":1080},{"@type":"BreadcrumbList","@id":"https:\/\/gustgourmet.com\/my-story\/#breadcrumb","itemListElement":[{"@type":"ListItem","position":1,"name":"Home","item":"https:\/\/gustgourmet.com\/"},{"@type":"ListItem","position":2,"name":"gustgourmet.com\/my-story\/"}]},{"@type":"WebSite","@id":"https:\/\/gustgourmet.com\/ro\/#website","url":"https:\/\/gustgourmet.com\/ro\/","name":"Gust Gourmet","description":"Re\u021bete autentice cu un twist","publisher":{"@id":"https:\/\/gustgourmet.com\/ro\/#\/schema\/person\/0c3bd2ff24c73d1ce823804c9f5ec830"},"potentialAction":[{"@type":"SearchAction","target":{"@type":"EntryPoint","urlTemplate":"https:\/\/gustgourmet.com\/ro\/?s={search_term_string}"},"query-input":{"@type":"PropertyValueSpecification","valueRequired":true,"valueName":"search_term_string"}}],"inLanguage":"ro-RO"},{"@type":["Person","Organization"],"@id":"https:\/\/gustgourmet.com\/ro\/#\/schema\/person\/0c3bd2ff24c73d1ce823804c9f5ec830","name":"Gust Gourmet","image":{"@type":"ImageObject","inLanguage":"ro-RO","@id":"http:\/\/gustgourmet.com\/wp-content\/uploads\/2025\/01\/cropped-cropped-logo-Gust-Gourmet-2025.png","url":"http:\/\/gustgourmet.com\/wp-content\/uploads\/2025\/01\/cropped-cropped-logo-Gust-Gourmet-2025.png","contentUrl":"http:\/\/gustgourmet.com\/wp-content\/uploads\/2025\/01\/cropped-cropped-logo-Gust-Gourmet-2025.png","width":200,"height":126,"caption":"Gust Gourmet"},"logo":{"@id":"http:\/\/gustgourmet.com\/wp-content\/uploads\/2025\/01\/cropped-cropped-logo-Gust-Gourmet-2025.png"},"sameAs":["http:\/\/gustgourmet.com","https:\/\/www.facebook.com\/GustGourmetRecipes"]}]}},"_links":{"self":[{"href":"https:\/\/gustgourmet.com\/ro\/wp-json\/wp\/v2\/pages\/52","targetHints":{"allow":["GET"]}}],"collection":[{"href":"https:\/\/gustgourmet.com\/ro\/wp-json\/wp\/v2\/pages"}],"about":[{"href":"https:\/\/gustgourmet.com\/ro\/wp-json\/wp\/v2\/types\/page"}],"author":[{"embeddable":true,"href":"https:\/\/gustgourmet.com\/ro\/wp-json\/wp\/v2\/users\/1"}],"replies":[{"embeddable":true,"href":"https:\/\/gustgourmet.com\/ro\/wp-json\/wp\/v2\/comments?post=52"}],"version-history":[{"count":17,"href":"https:\/\/gustgourmet.com\/ro\/wp-json\/wp\/v2\/pages\/52\/revisions"}],"predecessor-version":[{"id":274,"href":"https:\/\/gustgourmet.com\/ro\/wp-json\/wp\/v2\/pages\/52\/revisions\/274"}],"wp:featuredmedia":[{"embeddable":true,"href":"https:\/\/gustgourmet.com\/ro\/wp-json\/wp\/v2\/media\/121"}],"wp:attachment":[{"href":"https:\/\/gustgourmet.com\/ro\/wp-json\/wp\/v2\/media?parent=52"}],"curies":[{"name":"wp","href":"https:\/\/api.w.org\/{rel}","templated":true}]}}