{"id":61,"date":"2025-01-27T22:12:43","date_gmt":"2025-01-27T22:12:43","guid":{"rendered":"https:\/\/gustgourmet.com\/?page_id=61"},"modified":"2026-03-28T14:24:22","modified_gmt":"2026-03-28T14:24:22","slug":"easy-gourmet-recipes-cooking-guides","status":"publish","type":"page","link":"https:\/\/gustgourmet.com\/ro\/","title":{"rendered":"Re\u021bete autentice cu un twist"},"content":{"rendered":"<div class=\"wp-block-media-text is-stacked-on-mobile is-vertically-aligned-center\" style=\"grid-template-columns:47% auto\"><figure class=\"wp-block-media-text__media\"><img loading=\"lazy\" decoding=\"async\" width=\"1024\" height=\"1024\" src=\"http:\/\/gustgourmet.com\/wp-content\/uploads\/2025\/01\/About-image-2-1-1024x1024.png\" alt=\"Re\u021bete Autentice de Cas\u0103 cu un Twist\" class=\"wp-image-127 size-full\" srcset=\"https:\/\/gustgourmet.com\/wp-content\/uploads\/2025\/01\/About-image-2-1-1024x1024.png 1024w, https:\/\/gustgourmet.com\/wp-content\/uploads\/2025\/01\/About-image-2-1-300x300.png 300w, https:\/\/gustgourmet.com\/wp-content\/uploads\/2025\/01\/About-image-2-1-150x150.png 150w, https:\/\/gustgourmet.com\/wp-content\/uploads\/2025\/01\/About-image-2-1-768x768.png 768w, https:\/\/gustgourmet.com\/wp-content\/uploads\/2025\/01\/About-image-2-1-12x12.png 12w, https:\/\/gustgourmet.com\/wp-content\/uploads\/2025\/01\/About-image-2-1-500x500.png 500w, https:\/\/gustgourmet.com\/wp-content\/uploads\/2025\/01\/About-image-2-1.png 1080w\" sizes=\"auto, (max-width: 1024px) 100vw, 1024px\" \/><\/figure><div class=\"wp-block-media-text__content\">\n<p><\/p>\n\n\n\n<h3 class=\"wp-block-heading\"><strong>Buc\u0103t\u0103rie de cas\u0103 rafinat\u0103 inspirat\u0103 din tradi\u021bia rom\u00e2neasc\u0103 \u0219i arome globale.<\/strong><\/h3>\n\n\n\n<p>Descoperi\u021bi re\u021bete gourmet simple, tehnici de g\u0103tit \u0219i m\u00e2nc\u0103ruri pline de savoare pe care le pute\u021bi recrea acas\u0103.<br><\/p>\n\n\n\n<div class=\"wp-block-buttons is-layout-flex wp-block-buttons-is-layout-flex\">\n<div class=\"wp-block-button\"><a class=\"wp-block-button__link wp-element-button\" href=\"https:\/\/gustgourmet.com\/ro\/categorie\/reteta\/\">R\u0103sfoi\u021bi re\u021betele<\/a><\/div>\n<\/div>\n<\/div><\/div>\n\n\n\n<h2 class=\"wp-block-heading\"><br>Ce vei g\u0103si aici<\/h2>\n\n\n\n<div class=\"wp-block-columns is-layout-flex wp-container-core-columns-is-layout-9d6595d7 wp-block-columns-is-layout-flex\">\n<div class=\"wp-block-column is-layout-flow wp-block-column-is-layout-flow\">\n<figure class=\"wp-block-image size-large\"><img loading=\"lazy\" decoding=\"async\" width=\"1024\" height=\"1024\" src=\"https:\/\/gustgourmet.com\/wp-content\/uploads\/2025\/01\/3-3-1024x1024.png\" alt=\"Torturi \u0219i deserturi imagine - Gust Gourmet - Retete autentice cu un twist\" class=\"wp-image-100\" srcset=\"https:\/\/gustgourmet.com\/wp-content\/uploads\/2025\/01\/3-3-1024x1024.png 1024w, https:\/\/gustgourmet.com\/wp-content\/uploads\/2025\/01\/3-3-300x300.png 300w, https:\/\/gustgourmet.com\/wp-content\/uploads\/2025\/01\/3-3-150x150.png 150w, https:\/\/gustgourmet.com\/wp-content\/uploads\/2025\/01\/3-3-768x768.png 768w, https:\/\/gustgourmet.com\/wp-content\/uploads\/2025\/01\/3-3-12x12.png 12w, https:\/\/gustgourmet.com\/wp-content\/uploads\/2025\/01\/3-3-500x500.png 500w, https:\/\/gustgourmet.com\/wp-content\/uploads\/2025\/01\/3-3.png 1080w\" sizes=\"auto, (max-width: 1024px) 100vw, 1024px\" \/><\/figure>\n\n\n\n<h4 class=\"wp-block-heading\"><strong>Deserturi \u0219i pr\u0103jituri<\/strong> <\/h4>\n\n\n\n<p>Pr\u0103jituri, deserturi \u0219i pr\u0103jituri decadente.<\/p>\n\n\n\n<div class=\"wp-block-buttons is-layout-flex wp-block-buttons-is-layout-flex\">\n<div class=\"wp-block-button is-style-primary\"><a class=\"wp-block-button__link wp-element-button\" href=\"https:\/\/gustgourmet.com\/ro\/deserturi-bakes\/\">Afla\u021bi mai multe<\/a><\/div>\n<\/div>\n\n\n\n<div style=\"height:30px\" aria-hidden=\"true\" class=\"wp-block-spacer\"><\/div>\n<\/div>\n\n\n\n<div class=\"wp-block-column is-layout-flow wp-block-column-is-layout-flow\">\n<figure class=\"wp-block-image size-large\"><img loading=\"lazy\" decoding=\"async\" width=\"1024\" height=\"1024\" src=\"https:\/\/gustgourmet.com\/wp-content\/uploads\/2025\/01\/1-2-1024x1024.png\" alt=\"Savuroase clasice - Gust Gourmet - Re\u021bete autentice cu un twist\" class=\"wp-image-101\" srcset=\"https:\/\/gustgourmet.com\/wp-content\/uploads\/2025\/01\/1-2-1024x1024.png 1024w, https:\/\/gustgourmet.com\/wp-content\/uploads\/2025\/01\/1-2-300x300.png 300w, https:\/\/gustgourmet.com\/wp-content\/uploads\/2025\/01\/1-2-150x150.png 150w, https:\/\/gustgourmet.com\/wp-content\/uploads\/2025\/01\/1-2-768x768.png 768w, https:\/\/gustgourmet.com\/wp-content\/uploads\/2025\/01\/1-2-12x12.png 12w, https:\/\/gustgourmet.com\/wp-content\/uploads\/2025\/01\/1-2-500x500.png 500w, https:\/\/gustgourmet.com\/wp-content\/uploads\/2025\/01\/1-2.png 1080w\" sizes=\"auto, (max-width: 1024px) 100vw, 1024px\" \/><\/figure>\n\n\n\n<h4 class=\"wp-block-heading\"><strong>Re\u021bete Savuroase cu un Twist<\/strong> <\/h4>\n\n\n\n<p>M\u00e2nc\u0103ruri s\u0103rate reinventate.<\/p>\n\n\n\n<div class=\"wp-block-buttons is-layout-flex wp-block-buttons-is-layout-flex\">\n<div class=\"wp-block-button is-style-primary\"><a class=\"wp-block-button__link wp-element-button\" href=\"https:\/\/gustgourmet.com\/ro\/clasice-savuroase\/\">Afla\u021bi mai multe<\/a><\/div>\n<\/div>\n\n\n\n<div style=\"height:30px\" aria-hidden=\"true\" class=\"wp-block-spacer\"><\/div>\n<\/div>\n\n\n\n<div class=\"wp-block-column is-layout-flow wp-block-column-is-layout-flow\">\n<figure class=\"wp-block-image size-large\"><img loading=\"lazy\" decoding=\"async\" width=\"1024\" height=\"1024\" src=\"https:\/\/gustgourmet.com\/wp-content\/uploads\/2025\/01\/2-2-1024x1024.png\" alt=\"Produse de cas\u0103 de baz\u0103 - Gust Gourmet - Re\u021bete autentice cu un twist\" class=\"wp-image-103\" srcset=\"https:\/\/gustgourmet.com\/wp-content\/uploads\/2025\/01\/2-2-1024x1024.png 1024w, https:\/\/gustgourmet.com\/wp-content\/uploads\/2025\/01\/2-2-300x300.png 300w, https:\/\/gustgourmet.com\/wp-content\/uploads\/2025\/01\/2-2-150x150.png 150w, https:\/\/gustgourmet.com\/wp-content\/uploads\/2025\/01\/2-2-768x768.png 768w, https:\/\/gustgourmet.com\/wp-content\/uploads\/2025\/01\/2-2-12x12.png 12w, https:\/\/gustgourmet.com\/wp-content\/uploads\/2025\/01\/2-2-500x500.png 500w, https:\/\/gustgourmet.com\/wp-content\/uploads\/2025\/01\/2-2.png 1080w\" sizes=\"auto, (max-width: 1024px) 100vw, 1024px\" \/><\/figure>\n\n\n\n<h4 class=\"wp-block-heading\"><strong>De Cas\u0103, Mai Bun Dec\u00e2t din Magazin<\/strong> <\/h4>\n\n\n\n<p>Produse de cas\u0103 mai s\u0103n\u0103toase.<\/p>\n\n\n\n<div class=\"wp-block-buttons is-layout-flex wp-block-buttons-is-layout-flex\">\n<div class=\"wp-block-button is-style-primary\"><a class=\"wp-block-button__link wp-element-button\" href=\"https:\/\/gustgourmet.com\/ro\/capse-de-casa-%f0%9f%8f%a1\/\">Afla\u021bi mai multe <\/a><\/div>\n<\/div>\n\n\n\n<div style=\"height:30px\" aria-hidden=\"true\" class=\"wp-block-spacer\"><\/div>\n<\/div>\n<\/div>\n\n\n\n<div class=\"wp-block-columns is-layout-flex wp-container-core-columns-is-layout-9d6595d7 wp-block-columns-is-layout-flex\">\n<div class=\"wp-block-column is-layout-flow wp-block-column-is-layout-flow\">\n<figure class=\"wp-block-image size-large\"><img loading=\"lazy\" decoding=\"async\" width=\"1024\" height=\"1024\" src=\"https:\/\/gustgourmet.com\/wp-content\/uploads\/2025\/01\/About-image-1024x1024.png\" alt=\"\" class=\"wp-image-106\" srcset=\"https:\/\/gustgourmet.com\/wp-content\/uploads\/2025\/01\/About-image-1024x1024.png 1024w, https:\/\/gustgourmet.com\/wp-content\/uploads\/2025\/01\/About-image-300x300.png 300w, https:\/\/gustgourmet.com\/wp-content\/uploads\/2025\/01\/About-image-150x150.png 150w, https:\/\/gustgourmet.com\/wp-content\/uploads\/2025\/01\/About-image-768x768.png 768w, https:\/\/gustgourmet.com\/wp-content\/uploads\/2025\/01\/About-image-12x12.png 12w, https:\/\/gustgourmet.com\/wp-content\/uploads\/2025\/01\/About-image-500x500.png 500w, https:\/\/gustgourmet.com\/wp-content\/uploads\/2025\/01\/About-image.png 1080w\" sizes=\"auto, (max-width: 1024px) 100vw, 1024px\" \/><\/figure>\n<\/div>\n\n\n\n<div class=\"wp-block-column is-vertically-aligned-center is-layout-flow wp-block-column-is-layout-flow\">\n<h3 class=\"wp-block-heading\"><strong>Despre mine: Povestea <\/strong>\u00een spatele re\u021betelor gourmet u\u0219oare \u0219i a ghidurilor de g\u0103tit pe care le ve\u021bi g\u0103si aici<\/h3>\n\n\n\n<p>Sunt Andra, expert\u0103 \u00een marketing digital, buc\u0103t\u0103reas\u0103, autoare \u0219i pasionat\u0103 de gastronomie. N\u0103scut\u0103 \u00een Rom\u00e2nia, dar stabilit\u0103 \u00een Anglia, am crescut \u00eentr-o cas\u0103 unde g\u0103titul era o tradi\u021bie, iar mesele erau momente de bucurie. \u00cen timp, am \u00eenv\u0103\u021bat s\u0103 combin re\u021betele clasice rom\u00e2ne\u0219ti cu influen\u021bele moderne, cre\u00e2nd preparate care sunt at\u00e2t nostalgice, c\u00e2t \u0219i surprinz\u0103tor de actuale.<\/p>\n\n\n\n<p>Prin Gust Gourmet, \u00eemp\u0103rt\u0103\u0219esc re\u021bete care celebreaz\u0103 gustul, tradi\u021bia \u0219i creativitatea. Unele sunt preferatele copil\u0103riei reimaginate. Altele sunt clasice savuroase cu o \u00eentors\u0103tur\u0103 \u00eendr\u0103znea\u021b\u0103. Multe sunt re\u021bete de baz\u0103 care sunt mai bune dec\u00e2t cele cump\u0103rate de la magazin. Mai presus de toate, vreau s\u0103 ar\u0103t c\u0103 m\u00e2ncarea f\u0103cut\u0103 \u00een cas\u0103 poate fi at\u00e2t f\u0103r\u0103 efort, c\u00e2t \u0219i plin\u0103 de satisfac\u021bii \u0219i sper s\u0103 v\u0103 plac\u0103 re\u021betele mele autentice cu o \u00eentors\u0103tur\u0103.<\/p>\n\n\n\n<div class=\"wp-block-buttons is-layout-flex wp-block-buttons-is-layout-flex\">\n<div class=\"wp-block-button is-style-primary\"><a class=\"wp-block-button__link wp-element-button\" href=\"https:\/\/gustgourmet.com\/ro\/povestea-mea\/\"><strong>Afl\u0103 mai mult<\/strong><\/a><\/div>\n<\/div>\n<\/div>\n<\/div>\n\n\n\n<p><\/p>","protected":false},"excerpt":{"rendered":"<p>What you&#8217;ll find here Desserts and Cakes Decadent cakes, desserts, and bakes. Savoury Classics Reinvented savoury dishes. Homemade Staples Homemade healthier essentials. About Me: The story behind the easy gourmet recipes &amp; cooking guides you will find here I\u2019m Andra, the digital marketing expert, cook, writer, and food enthusiast behind Gust Gourmet. I was born&hellip;&nbsp;<a href=\"https:\/\/gustgourmet.com\/ro\/\" rel=\"bookmark\">Cite\u0219te mai mult \"<span class=\"screen-reader-text\">Re\u021bete autentice cu un twist<\/span><\/a><\/p>","protected":false},"author":1,"featured_media":109,"parent":0,"menu_order":0,"comment_status":"closed","ping_status":"closed","template":"","meta":{"wprm-recipe-roundup-name":"","wprm-recipe-roundup-description":"","neve_meta_sidebar":"","neve_meta_container":"","neve_meta_enable_content_width":"","neve_meta_content_width":0,"neve_meta_title_alignment":"","neve_meta_author_avatar":"","neve_post_elements_order":"","neve_meta_disable_header":"","neve_meta_disable_footer":"","neve_meta_disable_title":"on","footnotes":""},"class_list":["post-61","page","type-page","status-publish","has-post-thumbnail","hentry"],"yoast_head":"<!-- This site is optimized with the Yoast SEO plugin v27.4 - https:\/\/yoast.com\/product\/yoast-seo-wordpress\/ -->\n<title>Gust Gourmet Authentic Recipes with a Twist - Gust Gourmet<\/title>\n<meta name=\"description\" content=\"Discover easy gourmet recipes, cooking guides, and flavour-packed meals you can make at home. Gust Gourmet makes cooking easy!\" \/>\n<meta name=\"robots\" content=\"index, follow, max-snippet:-1, max-image-preview:large, max-video-preview:-1\" \/>\n<link rel=\"canonical\" href=\"https:\/\/gustgourmet.com\/ro\/\" \/>\n<meta property=\"og:locale\" content=\"ro_RO\" \/>\n<meta property=\"og:type\" content=\"article\" \/>\n<meta property=\"og:title\" content=\"Gust Gourmet Authentic Recipes with a Twist - Gust Gourmet\" \/>\n<meta property=\"og:description\" content=\"Discover easy gourmet recipes, cooking guides, and flavour-packed meals you can make at home. Gust Gourmet makes cooking easy!\" \/>\n<meta property=\"og:url\" content=\"https:\/\/gustgourmet.com\/ro\/\" \/>\n<meta property=\"og:site_name\" content=\"Gust Gourmet\" \/>\n<meta property=\"article:publisher\" content=\"https:\/\/www.facebook.com\/GustGourmetRecipes\" \/>\n<meta property=\"article:modified_time\" content=\"2026-03-28T14:24:22+00:00\" \/>\n<meta property=\"og:image\" content=\"https:\/\/gustgourmet.com\/wp-content\/uploads\/2025\/01\/test-1-1024x512.png\" \/>\n\t<meta property=\"og:image:width\" content=\"1024\" \/>\n\t<meta property=\"og:image:height\" content=\"512\" \/>\n\t<meta property=\"og:image:type\" content=\"image\/png\" \/>\n<meta name=\"twitter:card\" content=\"summary_large_image\" \/>\n<meta name=\"twitter:label1\" content=\"Timp estimat pentru citire\" \/>\n\t<meta name=\"twitter:data1\" content=\"1 minut\" \/>\n<script type=\"application\/ld+json\" class=\"yoast-schema-graph\">{\"@context\":\"https:\\\/\\\/schema.org\",\"@graph\":[{\"@type\":\"WebPage\",\"@id\":\"https:\\\/\\\/gustgourmet.com\\\/\",\"url\":\"https:\\\/\\\/gustgourmet.com\",\"name\":\"Gust Gourmet Authentic Recipes with a Twist - Gust Gourmet\",\"isPartOf\":{\"@id\":\"https:\\\/\\\/gustgourmet.com\\\/ro\\\/#website\"},\"primaryImageOfPage\":{\"@id\":\"https:\\\/\\\/gustgourmet.com#primaryimage\"},\"image\":{\"@id\":\"https:\\\/\\\/gustgourmet.com#primaryimage\"},\"thumbnailUrl\":\"https:\\\/\\\/gustgourmet.com\\\/wp-content\\\/uploads\\\/2025\\\/01\\\/test-1.png\",\"datePublished\":\"2025-01-27T22:12:43+00:00\",\"dateModified\":\"2026-03-28T14:24:22+00:00\",\"description\":\"Discover easy gourmet recipes, cooking guides, and flavour-packed meals you can make at home. Gust Gourmet makes cooking easy!\",\"breadcrumb\":{\"@id\":\"https:\\\/\\\/gustgourmet.com#breadcrumb\"},\"inLanguage\":\"ro-RO\",\"potentialAction\":[{\"@type\":\"ReadAction\",\"target\":[\"https:\\\/\\\/gustgourmet.com\"]}]},{\"@type\":\"ImageObject\",\"inLanguage\":\"ro-RO\",\"@id\":\"https:\\\/\\\/gustgourmet.com#primaryimage\",\"url\":\"https:\\\/\\\/gustgourmet.com\\\/wp-content\\\/uploads\\\/2025\\\/01\\\/test-1.png\",\"contentUrl\":\"https:\\\/\\\/gustgourmet.com\\\/wp-content\\\/uploads\\\/2025\\\/01\\\/test-1.png\",\"width\":6912,\"height\":3456},{\"@type\":\"BreadcrumbList\",\"@id\":\"https:\\\/\\\/gustgourmet.com#breadcrumb\",\"itemListElement\":[{\"@type\":\"ListItem\",\"position\":1,\"name\":\"Home\",\"item\":\"https:\\\/\\\/gustgourmet.com\\\/\"},{\"@type\":\"ListItem\",\"position\":2,\"name\":\"https:\\\/\\\/gustgourmet.com\"}]},{\"@type\":\"WebSite\",\"@id\":\"https:\\\/\\\/gustgourmet.com\\\/ro\\\/#website\",\"url\":\"https:\\\/\\\/gustgourmet.com\\\/ro\\\/\",\"name\":\"Gust Gourmet\",\"description\":\"Authentic Recipes with a Twist\",\"publisher\":{\"@id\":\"https:\\\/\\\/gustgourmet.com\\\/ro\\\/#\\\/schema\\\/person\\\/0c3bd2ff24c73d1ce823804c9f5ec830\"},\"potentialAction\":[{\"@type\":\"SearchAction\",\"target\":{\"@type\":\"EntryPoint\",\"urlTemplate\":\"https:\\\/\\\/gustgourmet.com\\\/ro\\\/?s={search_term_string}\"},\"query-input\":{\"@type\":\"PropertyValueSpecification\",\"valueRequired\":true,\"valueName\":\"search_term_string\"}}],\"inLanguage\":\"ro-RO\"},{\"@type\":[\"Person\",\"Organization\"],\"@id\":\"https:\\\/\\\/gustgourmet.com\\\/ro\\\/#\\\/schema\\\/person\\\/0c3bd2ff24c73d1ce823804c9f5ec830\",\"name\":\"Gust Gourmet\",\"image\":{\"@type\":\"ImageObject\",\"inLanguage\":\"ro-RO\",\"@id\":\"http:\\\/\\\/gustgourmet.com\\\/wp-content\\\/uploads\\\/2025\\\/01\\\/cropped-cropped-logo-Gust-Gourmet-2025.png\",\"url\":\"http:\\\/\\\/gustgourmet.com\\\/wp-content\\\/uploads\\\/2025\\\/01\\\/cropped-cropped-logo-Gust-Gourmet-2025.png\",\"contentUrl\":\"http:\\\/\\\/gustgourmet.com\\\/wp-content\\\/uploads\\\/2025\\\/01\\\/cropped-cropped-logo-Gust-Gourmet-2025.png\",\"width\":200,\"height\":126,\"caption\":\"Gust Gourmet\"},\"logo\":{\"@id\":\"http:\\\/\\\/gustgourmet.com\\\/wp-content\\\/uploads\\\/2025\\\/01\\\/cropped-cropped-logo-Gust-Gourmet-2025.png\"},\"sameAs\":[\"http:\\\/\\\/gustgourmet.com\",\"https:\\\/\\\/www.facebook.com\\\/GustGourmetRecipes\"]}]}<\/script>\n<!-- \/ Yoast SEO plugin. -->","yoast_head_json":{"title":"Re\u021bete Autentice de Cas\u0103 cu un Strop de Creativitate","description":"Descoperi\u021bi re\u021bete gourmet simple, ghiduri de g\u0103tit \u0219i m\u00e2nc\u0103ruri pline de savoare pe care le pute\u021bi prepara acas\u0103. Gust Gourmet face g\u0103titul u\u0219or!","robots":{"index":"index","follow":"follow","max-snippet":"max-snippet:-1","max-image-preview":"max-image-preview:large","max-video-preview":"max-video-preview:-1"},"canonical":"https:\/\/gustgourmet.com\/ro\/","og_locale":"ro_RO","og_type":"article","og_title":"Gust Gourmet Authentic Recipes with a Twist - Gust Gourmet","og_description":"Discover easy gourmet recipes, cooking guides, and flavour-packed meals you can make at home. Gust Gourmet makes cooking easy!","og_url":"https:\/\/gustgourmet.com\/ro\/","og_site_name":"Gust Gourmet","article_publisher":"https:\/\/www.facebook.com\/GustGourmetRecipes","article_modified_time":"2026-03-28T14:24:22+00:00","og_image":[{"width":1024,"height":512,"url":"https:\/\/gustgourmet.com\/wp-content\/uploads\/2025\/01\/test-1-1024x512.png","type":"image\/png"}],"twitter_card":"summary_large_image","twitter_misc":{"Timp estimat pentru citire":"1 minut"},"schema":{"@context":"https:\/\/schema.org","@graph":[{"@type":"WebPage","@id":"https:\/\/gustgourmet.com\/","url":"https:\/\/gustgourmet.com","name":"Re\u021bete Autentice de Cas\u0103 cu un Strop de Creativitate","isPartOf":{"@id":"https:\/\/gustgourmet.com\/ro\/#website"},"primaryImageOfPage":{"@id":"https:\/\/gustgourmet.com#primaryimage"},"image":{"@id":"https:\/\/gustgourmet.com#primaryimage"},"thumbnailUrl":"https:\/\/gustgourmet.com\/wp-content\/uploads\/2025\/01\/test-1.png","datePublished":"2025-01-27T22:12:43+00:00","dateModified":"2026-03-28T14:24:22+00:00","description":"Descoperi\u021bi re\u021bete gourmet simple, ghiduri de g\u0103tit \u0219i m\u00e2nc\u0103ruri pline de savoare pe care le pute\u021bi prepara acas\u0103. Gust Gourmet face g\u0103titul u\u0219or!","breadcrumb":{"@id":"https:\/\/gustgourmet.com#breadcrumb"},"inLanguage":"ro-RO","potentialAction":[{"@type":"ReadAction","target":["https:\/\/gustgourmet.com"]}]},{"@type":"ImageObject","inLanguage":"ro-RO","@id":"https:\/\/gustgourmet.com#primaryimage","url":"https:\/\/gustgourmet.com\/wp-content\/uploads\/2025\/01\/test-1.png","contentUrl":"https:\/\/gustgourmet.com\/wp-content\/uploads\/2025\/01\/test-1.png","width":6912,"height":3456},{"@type":"BreadcrumbList","@id":"https:\/\/gustgourmet.com#breadcrumb","itemListElement":[{"@type":"ListItem","position":1,"name":"Home","item":"https:\/\/gustgourmet.com\/"},{"@type":"ListItem","position":2,"name":"https:\/\/gustgourmet.com"}]},{"@type":"WebSite","@id":"https:\/\/gustgourmet.com\/ro\/#website","url":"https:\/\/gustgourmet.com\/ro\/","name":"Gust Gourmet","description":"Re\u021bete autentice cu un twist","publisher":{"@id":"https:\/\/gustgourmet.com\/ro\/#\/schema\/person\/0c3bd2ff24c73d1ce823804c9f5ec830"},"potentialAction":[{"@type":"SearchAction","target":{"@type":"EntryPoint","urlTemplate":"https:\/\/gustgourmet.com\/ro\/?s={search_term_string}"},"query-input":{"@type":"PropertyValueSpecification","valueRequired":true,"valueName":"search_term_string"}}],"inLanguage":"ro-RO"},{"@type":["Person","Organization"],"@id":"https:\/\/gustgourmet.com\/ro\/#\/schema\/person\/0c3bd2ff24c73d1ce823804c9f5ec830","name":"Gust Gourmet","image":{"@type":"ImageObject","inLanguage":"ro-RO","@id":"http:\/\/gustgourmet.com\/wp-content\/uploads\/2025\/01\/cropped-cropped-logo-Gust-Gourmet-2025.png","url":"http:\/\/gustgourmet.com\/wp-content\/uploads\/2025\/01\/cropped-cropped-logo-Gust-Gourmet-2025.png","contentUrl":"http:\/\/gustgourmet.com\/wp-content\/uploads\/2025\/01\/cropped-cropped-logo-Gust-Gourmet-2025.png","width":200,"height":126,"caption":"Gust Gourmet"},"logo":{"@id":"http:\/\/gustgourmet.com\/wp-content\/uploads\/2025\/01\/cropped-cropped-logo-Gust-Gourmet-2025.png"},"sameAs":["http:\/\/gustgourmet.com","https:\/\/www.facebook.com\/GustGourmetRecipes"]}]}},"_links":{"self":[{"href":"https:\/\/gustgourmet.com\/ro\/wp-json\/wp\/v2\/pages\/61","targetHints":{"allow":["GET"]}}],"collection":[{"href":"https:\/\/gustgourmet.com\/ro\/wp-json\/wp\/v2\/pages"}],"about":[{"href":"https:\/\/gustgourmet.com\/ro\/wp-json\/wp\/v2\/types\/page"}],"author":[{"embeddable":true,"href":"https:\/\/gustgourmet.com\/ro\/wp-json\/wp\/v2\/users\/1"}],"replies":[{"embeddable":true,"href":"https:\/\/gustgourmet.com\/ro\/wp-json\/wp\/v2\/comments?post=61"}],"version-history":[{"count":30,"href":"https:\/\/gustgourmet.com\/ro\/wp-json\/wp\/v2\/pages\/61\/revisions"}],"predecessor-version":[{"id":1475,"href":"https:\/\/gustgourmet.com\/ro\/wp-json\/wp\/v2\/pages\/61\/revisions\/1475"}],"wp:featuredmedia":[{"embeddable":true,"href":"https:\/\/gustgourmet.com\/ro\/wp-json\/wp\/v2\/media\/109"}],"wp:attachment":[{"href":"https:\/\/gustgourmet.com\/ro\/wp-json\/wp\/v2\/media?parent=61"}],"curies":[{"name":"wp","href":"https:\/\/api.w.org\/{rel}","templated":true}]}}